{"id":225,"date":"2020-05-03T13:01:37","date_gmt":"2020-05-03T13:01:37","guid":{"rendered":"http:\/\/business-experts.biz\/?page_id=225"},"modified":"2021-08-11T09:35:12","modified_gmt":"2021-08-11T09:35:12","slug":"impressum","status":"publish","type":"page","link":"http:\/\/business-experts.com\/en\/impressum","title":{"rendered":"Legal Notice"},"content":{"rendered":"\n<p>We act under German law, therefore this legal notice shown below is in German.<\/p>\n\n\n\n<p>If you need a translation, please contact our office.<\/p>\n\n\n\n<h2 class=\"wp-block-heading\">Haftungsausschluss<\/h2>\n\n\n\n<h3 class=\"wp-block-heading\">Haftung f\u00fcr Inhalte<\/h3>\n\n\n\n<p>Die Inhalte unserer Seiten wurden mit gr\u00f6\u00dfter Sorgfalt erstellt. F\u00fcr die Richtigkeit, Vollst\u00e4ndigkeit und Aktualit\u00e4t der Inhalte k\u00f6nnen wir jedoch keine Gew\u00e4hr \u00fcbernehmen. Als Diensteanbieter sind wir gem\u00e4\u00df \u00a7 7 Abs.1 TMG f\u00fcr eigene Inhalte auf diesen Seiten nach den allgemeinen Gesetzen verantwortlich. Nach \u00a7\u00a7 8 bis 10 TMG sind wir als Diensteanbieter jedoch nicht verpflichtet, \u00fcbermittelte oder gespeicherte fremde Informationen zu \u00fcberwachen oder nach Umst\u00e4nden zu forschen, die auf eine rechtswidrige T\u00e4tigkeit hinweisen. Verpflichtungen zur Entfernung oder Sperrung der Nutzung von Informationen nach den allgemeinen Gesetzen bleiben hiervon unber\u00fchrt. Eine diesbez\u00fcgliche Haftung ist jedoch erst ab dem Zeitpunkt der Kenntnis einer konkreten Rechtsverletzung m\u00f6glich. Bei Bekanntwerden von entsprechenden Rechtsverletzungen werden wir diese Inhalte umgehend entfernen.<\/p>\n\n\n\n<h3 class=\"wp-block-heading\">Haftung f\u00fcr Links<\/h3>\n\n\n\n<p>Unser Angebot enth\u00e4lt Links zu externen Webseiten Dritter, auf deren Inhalte wir keinen Einfluss haben. Deshalb k\u00f6nnen wir f\u00fcr diese fremden Inhalte auch keine Gew\u00e4hr \u00fcbernehmen. F\u00fcr die Inhalte der verlinkten Seiten ist stets der jeweilige Anbieter oder Betreiber der Seiten verantwortlich. Die verlinkten Seiten wurden zum Zeitpunkt der Verlinkung auf m\u00f6gliche Rechtsverst\u00f6\u00dfe \u00fcberpr\u00fcft. Rechtswidrige Inhalte waren zum Zeitpunkt der Verlinkung nicht erkennbar. Eine permanente inhaltliche Kontrolle der verlinkten Seiten ist jedoch ohne konkrete Anhaltspunkte einer Rechtsverletzung nicht zumutbar. Bei Bekanntwerden von Rechtsverletzungen werden wir derartige Links umgehend entfernen.<\/p>\n\n\n\n<h3 class=\"wp-block-heading\">Urheberrecht<\/h3>\n\n\n\n<p>Die durch die Seitenbetreiber erstellten Inhalte und Werke auf diesen Seiten unterliegen dem deutschen Urheberrecht. Die Vervielf\u00e4ltigung, Bearbeitung, Verbreitung und jede Art der Verwertung au\u00dferhalb der Grenzen des Urheberrechtes bed\u00fcrfen der schriftlichen Zustimmung des jeweiligen Autors bzw. Erstellers. Downloads und Kopien dieser Seite sind nur f\u00fcr den privaten, nicht kommerziellen Gebrauch gestattet. Soweit die Inhalte auf dieser Seite nicht vom Betreiber erstellt wurden, werden die Urheberrechte Dritter beachtet. Insbesondere werden Inhalte Dritter als solche gekennzeichnet. Grafiken und Bilder sind, soweit nicht selbst erstellt oder anders gekennzeichnet, erworben von Fotalia.de oder Clip Arts von Microsoft Office, die \u00fcber unsere entsprechenden Lizenzen bezogen wurden. Sollten Sie trotzdem auf eine Urheberrechtsverletzung aufmerksam werden, bitten wir um einen entsprechenden Hinweis. Bei Bekanntwerden von Rechtsverletzungen werden wir derartige Inhalte umgehend entfernen.<\/p>\n\n\n\n<h3 class=\"wp-block-heading\">Datenschutz<\/h3>\n\n\n\n<p>Wir haben die DSGVO umgesetzt. Bei Fragen zur Speicherung Ihrer Daten k\u00f6nnen Sie uns jederzeit kontaktieren. Bitte beachten Sie die folgenden Hinweise:<\/p>\n\n\n\n<p>Die Business Experts GmbH arbeitet ausschlie\u00dflich mit anderen Unternehmen zusammen und erbringt keine Dienstleistungen f\u00fcr Privatkunden. Daher erfassen wir keine Daten von Privatpersonen. Alle Daten, die wir erfassen, sind mit dem jeweiligen Gesch\u00e4ftsvorgang verbunden, d.h. wir speichern Adressen, Telefonnummern, Email-Adressen und die Namen von Ansprechpartnern, soweit dies f\u00fcr die Auftragsabwicklung (Angebot, Bearbeitung, Rechnungstellung) notwendig ist. Alle Daten, die uns seitens unserer Kunden per Email zugesandt werden, sind auf dem Email-Server unseres Hosting Anbieters Ionos bis zur Archivierung gespeichert. F\u00fcr die Sicherheit der Daten auf seinen Servern ist Ionos verantwortlich. Wir tauschen die Daten zwischen Server und unseren Endger\u00e4ten nur verschl\u00fcsselt aus. Sobald die Daten in unseren Gesch\u00e4ftsprozessen verwendet werden, unterliegen Sie unserer Verantwortung. \u00dcber die verwendete Software, die Speicherorte und den verwendeten Schutz der Daten in unserem Hause geben wir jederzeit auf Anfrage Auskunft. Wir tragen Sorge, dass alle Daten nach aktuellen Sicherheitsstandards gesch\u00fctzt sind.<\/p>\n\n\n\n<p>Die Nutzung unserer Webseite ist in der Regel ohne Angabe personenbezogener Daten m\u00f6glich. Soweit auf unseren Seiten personenbezogene Daten (beispielsweise Name, Anschrift oder eMail-Adressen) erhoben werden, erfolgt dies, soweit m\u00f6glich, stets auf freiwilliger Basis. Diese Daten werden ohne Ihre ausdr\u00fcckliche Zustimmung nicht an Dritte weitergegeben.<\/p>\n\n\n\n<p>Wir weisen darauf hin, dass die Daten\u00fcbertragung im Internet (z.B. bei der Kommunikation per E-Mail) Sicherheitsl\u00fccken aufweisen kann. Ein l\u00fcckenloser Schutz der Daten vor dem Zugriff durch Dritte ist nicht m\u00f6glich.<\/p>\n\n\n\n<p>Der Nutzung von im Rahmen der Impressumspflicht ver\u00f6ffentlichten Kontaktdaten durch Dritte zur \u00dcbersendung von nicht ausdr\u00fccklich angeforderter Werbung und Informationsmaterialien wird hiermit ausdr\u00fccklich widersprochen. Die Betreiber der Seiten behalten sich ausdr\u00fccklich rechtliche Schritte im Falle der unverlangten Zusendung von Werbeinformationen, etwa durch Spam-Mails, vor.<\/p>\n\n\n\n<p>Quelle: Disclaimer von eRecht24, dem Portal zum Internetrecht von Rechtsanwalt S\u00f6ren Siebert, aktualisiert von uns zur DSGVO im Mai 2018.<\/p>\n\n\n\n<h2 class=\"wp-block-heading\">Online-Streitbeilegung gem\u00e4\u00df Art. 14 Abs. 1 ODR-VO:<\/h2>\n\n\n\n<p>Die Europ\u00e4ische Kommission stellt eine Plattform zur Online-Streitbeilegung (OS) bereit, die Sie unter <a href=\"http:\/\/ec.europa.eu\/consumers\/odr\/\">http:\/\/ec.europa.eu\/consumers\/odr\/<\/a> finden.<\/p>\n\n\n\n<h3 class=\"wp-block-heading\">Business Experts GmbH Technology Consultants<br>Steinvorthhof 2<br>30455 Hannover<br>Germany<\/h3>\n\n\n\n<p>Registered at Amtsgericht Hannover, HRB222214<br>CEO: Uwe Daniel<\/p>\n\n\n\n<p>USt.ID: DE217651422<\/p>\n","protected":false},"excerpt":{"rendered":"<p>We act under German law, therefore this legal notice shown below is in German. If you need a translation, please contact our office. Haftungsausschluss Haftung f\u00fcr Inhalte Die Inhalte unserer Seiten wurden mit gr\u00f6\u00dfter Sorgfalt erstellt. F\u00fcr die Richtigkeit, Vollst\u00e4ndigkeit und Aktualit\u00e4t der Inhalte k\u00f6nnen wir jedoch keine Gew\u00e4hr \u00fcbernehmen&#8230;.<\/p>\n","protected":false},"author":1,"featured_media":0,"parent":0,"menu_order":0,"comment_status":"closed","ping_status":"closed","template":"","meta":{"footnotes":""},"class_list":["post-225","page","type-page","status-publish","hentry"],"translation":{"provider":"WPGlobus","version":"3.0.0","language":"en","enabled_languages":["de","en"],"languages":{"de":{"title":true,"content":true,"excerpt":false},"en":{"title":true,"content":true,"excerpt":false}}},"_links":{"self":[{"href":"http:\/\/business-experts.com\/en\/wp-json\/wp\/v2\/pages\/225","targetHints":{"allow":["GET"]}}],"collection":[{"href":"http:\/\/business-experts.com\/en\/wp-json\/wp\/v2\/pages"}],"about":[{"href":"http:\/\/business-experts.com\/en\/wp-json\/wp\/v2\/types\/page"}],"author":[{"embeddable":true,"href":"http:\/\/business-experts.com\/en\/wp-json\/wp\/v2\/users\/1"}],"replies":[{"embeddable":true,"href":"http:\/\/business-experts.com\/en\/wp-json\/wp\/v2\/comments?post=225"}],"version-history":[{"count":6,"href":"http:\/\/business-experts.com\/en\/wp-json\/wp\/v2\/pages\/225\/revisions"}],"predecessor-version":[{"id":310,"href":"http:\/\/business-experts.com\/en\/wp-json\/wp\/v2\/pages\/225\/revisions\/310"}],"wp:attachment":[{"href":"http:\/\/business-experts.com\/en\/wp-json\/wp\/v2\/media?parent=225"}],"curies":[{"name":"wp","href":"https:\/\/api.w.org\/{rel}","templated":true}]}}